{"id":6311,"date":"2025-08-07T10:06:40","date_gmt":"2025-08-07T08:06:40","guid":{"rendered":"https:\/\/www.hotelstmichael.it\/stornierungsbedingungen\/"},"modified":"2025-08-07T10:16:19","modified_gmt":"2025-08-07T08:16:19","slug":"stornierungsbedingungen","status":"publish","type":"page","link":"https:\/\/www.hotelstmichael.it\/de\/stornierungsbedingungen\/","title":{"rendered":"Stornierungsbedingungen"},"content":{"rendered":"\t\t<div data-elementor-type=\"wp-page\" data-elementor-id=\"6311\" class=\"elementor elementor-6311 elementor-6289\" data-elementor-post-type=\"page\">\n\t\t\t\t<div class=\"elementor-element elementor-element-06e10c9 e-flex e-con-boxed e-con e-parent\" data-id=\"06e10c9\" data-element_type=\"container\" data-e-type=\"container\">\n\t\t\t\t\t<div class=\"e-con-inner\">\n\t\t\t\t<div class=\"elementor-element elementor-element-fbc0447 elementor-widget elementor-widget-heading\" data-id=\"fbc0447\" data-element_type=\"widget\" data-e-type=\"widget\" data-widget_type=\"heading.default\">\n\t\t\t\t\t<h1 class=\"elementor-heading-title elementor-size-default\">Stornierungsbedingungen<\/h1>\t\t\t\t<\/div>\n\t\t\t\t<div class=\"elementor-element elementor-element-6323eec elementor-widget elementor-widget-text-editor\" data-id=\"6323eec\" data-element_type=\"widget\" data-e-type=\"widget\" data-widget_type=\"text-editor.default\">\n\t\t\t\t\t\t\t\t\t<p><strong>\u200b\u200bSTORNIERUNGSBEDINGUNGEN &#8211; BESONDERE ZEITR\u00c4UME:<\/strong><\/p>\n<ul>\n<li>Wir bieten dem Gast Flexibilit\u00e4t mit der M\u00f6glichkeit, bis zu 30 Tage vor dem Aufenthaltsdatum kostenlos zu stornieren. Verlust der Anzahlung von 30 Tagen bis zum Tag der Ankunft.<\/li>\n<li>R\u00fcckerstattung der Kaution bei nachgewiesenen Einschr\u00e4nkungen oder Krankheiten des Gastes im Zusammenhang mit Covid-19, die es dem Gast unm\u00f6glich machen, Livigno zu erreichen.<\/li>\n<\/ul>\n<p><strong>STORNIERUNGSBEDINGUNGEN<\/strong><\/p>\n<ul>\n<li>Bis zu 30 Tage vor der Anreise k\u00f6nnen G\u00e4ste kostenfrei stornieren.<\/li>\n<li>Bei Stornierungen von 30 Tagen bis Anreisetag 30% Stornierungsgeb\u00fchr.<\/li>\n<li>Der Gast entrichtet als Vorauszahlung nach der Reservierung 30% des Gesamtpreises.<\/li>\n<li>Bei Nicht Ankunft oder vorzeitiger Anreise wird 100% des Tagespreis auf den stornierten Tage gerechnet.<\/li>\n<li>Im Falle einer Stornierung aufgrund nachweislicher Einschr\u00e4nkungen oder Krankheit aus Covid-19 wird ein Gutschein mit einer G\u00fcltigkeit von einem Jahr ausgestellt<\/li>\n<li>Eine Anzahlung in H\u00f6he von 30% der Buchungssumme wird jederzeit nach Abschluss der Buchung f\u00e4llig.<\/li>\n<li>Eventuelle Stornierungen m\u00fcssen schriftliche (per E-Mail, Fax oder Post) erfolgen<\/li>\n<\/ul>\n<p><strong>Bedingungen f\u00fcr die Erstattung von Covid-19:<\/strong><\/p>\n<ol>\n<li>Das Herkunftsland verlangt, dass der Gast nach seiner R\u00fcckkehr vom Aufenthalt in die &#8222;Quarant\u00e4ne&#8220; geht.<\/li>\n<li>Aussetzung au\u00dfereurop\u00e4ischer Fl\u00fcge.<\/li>\n<li>Sperrung im Herkunftsland.<\/li>\n<li>Nationale oder regionale Sperrung.<\/li>\n<li>Italien akzeptiert keine Personen aus dem Herkunftsland des Kunden.<\/li>\n<li>Der Wirt wurde positiv auf das Virus getestet und befindet sich in Quarant\u00e4ne.<\/li>\n<\/ol>\n<p><strong>Nicht Covid-19<\/strong><\/p>\n<ul>\n<li>Stornierungsbedingungen: Eine Anzahlung in H\u00f6he von 30% des gesamten Aufenthalts ist immer erforderlich, um die Reservierung zu best\u00e4tigen<\/li>\n<li>Bei Stornierungen von 30 Tagen bis Anreisetag 30% Stornierungsgeb\u00fchr.<\/li>\n<li>Anzahlung: 30% der Gesamtkosten nach Buchung<\/li>\n<li>Die Reservierung ist erst nach Erhalt der Anzahlung von 30% g\u00fcltig. Der Betrag kann per \u00dcberweisung oder Kreditkarte bezahlt werden. Mit Zahlung der Anzahlung akzeptieren Sie unsere Stornierungsbedingungen.<\/li>\n<\/ul>\n<p><strong>SICHERN SIE IHREN AUFENTHALT!<\/strong><\/p>\n<p>Lieber Gast, Nachdem Ihre Buchung best\u00e4tigt wurde, haben Sie morgen bis Mitternacht Zeit, eine Aufenthaltsversicherung abzuschlie\u00dfen.<br \/>Dank des Buchungsschutzes von Allianz Global Assistance k\u00f6nnen Sie Ihren Aufenthalt im Falle einer Stornierung der Reise und mehr sch\u00fctzen.<\/p>\n<p>Anzahlung gew\u00e4hrleistet:<br \/><strong><a href=\"https:\/\/www.aga-affiliate.it\/deu\/htlstmichaelliv1\/?\/deu\/htlstmichaelliv1\" target=\"_blank\" rel=\"noopener\">https:\/\/www.aga-affiliate.it\/deu\/htlstmichaelliv1\/?\/deu\/htlstmichaelliv1<\/a><\/strong><\/p>\n<p>Insgesamt gew\u00e4hrleistet:<br \/><strong><a href=\"https:\/\/www.aga-affiliate.it\/deu\/htlstmichaelliv2\/?\/deu\/htlstmichaelliv2\" target=\"_blank\" rel=\"noopener\">https:\/\/www.aga-affiliate.it\/deu\/htlstmichaelliv2\/?\/deu\/htlstmichaelliv2<\/a><\/strong><\/p>\n<p><strong>Ankunft \/ Abreise<\/strong><\/p>\n<ul>\n<li>Check-in: ab 16.00 Uhr<\/li>\n<li>Check-out: vor 10.30 Uhr<\/li>\n<li>\u00c4nderungen und \/ oder Stornierungen Ihrer Buchung m\u00fcssen uns schriftlich mitgeteilt werden.<\/li>\n<\/ul>\n\t\t\t\t\t\t\t\t<\/div>\n\t\t\t\t\t<\/div>\n\t\t\t\t<\/div>\n\t\t\t\t<\/div>\n\t\t","protected":false},"excerpt":{"rendered":"<p>Stornierungsbedingungen \u200b\u200bSTORNIERUNGSBEDINGUNGEN &#8211; BESONDERE ZEITR\u00c4UME: Wir bieten dem Gast Flexibilit\u00e4t mit der M\u00f6glichkeit, bis zu 30 Tage vor dem Aufenthaltsdatum kostenlos zu stornieren. Verlust der Anzahlung von 30 Tagen bis zum Tag der Ankunft. R\u00fcckerstattung der Kaution bei nachgewiesenen Einschr\u00e4nkungen oder Krankheiten des Gastes im Zusammenhang mit Covid-19, die es dem Gast unm\u00f6glich machen, Livigno [&hellip;]<\/p>\n","protected":false},"author":2,"featured_media":0,"parent":0,"menu_order":0,"comment_status":"closed","ping_status":"closed","template":"","meta":{"_acf_changed":false,"footnotes":""},"class_list":["post-6311","page","type-page","status-publish","hentry"],"acf":[],"_links":{"self":[{"href":"https:\/\/www.hotelstmichael.it\/de\/wp-json\/wp\/v2\/pages\/6311","targetHints":{"allow":["GET"]}}],"collection":[{"href":"https:\/\/www.hotelstmichael.it\/de\/wp-json\/wp\/v2\/pages"}],"about":[{"href":"https:\/\/www.hotelstmichael.it\/de\/wp-json\/wp\/v2\/types\/page"}],"author":[{"embeddable":true,"href":"https:\/\/www.hotelstmichael.it\/de\/wp-json\/wp\/v2\/users\/2"}],"replies":[{"embeddable":true,"href":"https:\/\/www.hotelstmichael.it\/de\/wp-json\/wp\/v2\/comments?post=6311"}],"version-history":[{"count":0,"href":"https:\/\/www.hotelstmichael.it\/de\/wp-json\/wp\/v2\/pages\/6311\/revisions"}],"wp:attachment":[{"href":"https:\/\/www.hotelstmichael.it\/de\/wp-json\/wp\/v2\/media?parent=6311"}],"curies":[{"name":"wp","href":"https:\/\/api.w.org\/{rel}","templated":true}]}}